{"id":296,"date":"2025-03-07T13:28:10","date_gmt":"2025-03-07T13:28:10","guid":{"rendered":"http:\/\/4frontclinicalstudies.com\/centros-de-estudio\/"},"modified":"2025-09-17T13:01:15","modified_gmt":"2025-09-17T13:01:15","slug":"centros-de-estudio","status":"publish","type":"page","link":"https:\/\/4frontclinicalstudies.com\/es\/centros-de-estudio\/","title":{"rendered":"Centros de estudio"},"content":{"rendered":"<style>\r\n\t#wpsl-stores .wpsl-store-thumb {height:45px !important; width:45px !important;}\r\n\t#wpsl-stores, #wpsl-direction-details, #wpsl-gmap {height:935px !important;}\r\n\t#wpsl-gmap .wpsl-info-window {max-width:225px !important;}\r\n\t.wpsl-input label, #wpsl-radius label, #wpsl-category label {width:95px;}\r\n\t#wpsl-search-input  {width:179px;}\r\n<\/style>\r\n<div id=\"custom-wpsl-wrap\">\r\n<style type=\"text\/css\">\r\n#custom-study-centers-banner {\n        padding-top: 60px;\n        padding-bottom: 60px;\n        \n        background: var(--wp--preset--color--white);\n    }\n    @media only screen and (max-width: 1250px) {\n         #custom-study-centers-banner {\n            padding-top: 45px;\n            padding-bottom: 45px;\n        }\n    }\n    @media only screen and (max-width: 767px) {\n        #custom-study-centers-banner {\n            padding-top: 48px;\n            padding-bottom: 48px;\n        }\n    }\n    \n    #custom-study-centers-banner {\n            position: relative;\n        }\n        #custom-study-centers-banner > div {\n            padding-top: 6.125rem;\n            position: relative;\n            z-index: 2;\n        }\n        @media screen and (max-width: 1100px) { \n            #custom-study-centers-banner > div {\n                padding-top: 3.875rem;\n            }\n        }\n  <\/style>\r\n<div id=\"wpsl-wrap\">\r\n<div id=\"custom-study-centers-banner\">\r\n\n<svg\n        aria-hidden=\"true\" focusable=\"false\" role=\"presentation\"\n    width=\"1005\"\n    height=\"747\"\n    class=\"icon-desktop-decorator decorator green-decorator\"\n    viewBox=\"0 0 1005 747\" fill=\"none\" xmlns=\"http:\/\/www.w3.org\/2000\/svg\">\n    <g style=\"mix-blend-mode:multiply\" opacity=\"0.33\">\n        <path d=\"M833.095 133.967H786.438L926.589 321.751C940.79 340.764 973.366 356.317 999.022 356.337H1045.72L905.568 168.553C891.367 149.52 858.751 133.947 833.095 133.947V133.967Z\" fill=\"#C8ECF2\"\/>\n        <path d=\"M908.352 72.314H861.694L1001.85 260.098C1016.05 279.111 1048.62 294.664 1074.28 294.684H1120.98L980.824 106.9C966.624 87.8666 934.008 72.2941 908.352 72.2941V72.314Z\" fill=\"#90D9E6\"\/>\n        <path d=\"M648.352 -102.686H601.694L741.846 85.098C756.046 104.111 788.623 119.664 814.279 119.684H860.976L720.824 -68.1005C706.624 -87.1334 674.008 -102.706 648.352 -102.706V-102.686Z\" fill=\"#59C6D9\"\/>\n        <path d=\"M800.698 249.975H754.04L894.192 437.759C908.392 456.772 940.969 472.325 966.625 472.344H1013.32L873.17 284.56C858.97 265.528 826.353 249.955 800.698 249.955V249.975Z\" fill=\"#22B3CD\"\/>\n        <path d=\"M987.766 489.289H941.108L1081.26 677.073C1095.46 696.086 1128.04 711.639 1153.69 711.659H1200.39L1060.24 523.875C1046.04 504.842 1013.42 489.269 987.766 489.269V489.289Z\" fill=\"#CDDAED\" fill-opacity=\"0.5\"\/>\n        <path d=\"M618.86 14.8174H572.202L712.354 202.601C726.554 221.614 759.131 237.167 784.787 237.187H831.484L691.332 49.4029C677.132 30.3699 644.516 14.7975 618.86 14.7975V14.8174Z\" fill=\"#90D9E6\"\/>\n        <path d=\"M635.804 196.138H589.146L729.298 383.922C743.499 402.935 776.075 418.487 801.731 418.507H848.428L708.277 230.723C694.076 211.69 661.46 196.118 635.804 196.118V196.138Z\" fill=\"#C8ECF2\"\/>\n        <path d=\"M822.872 435.452H776.215L916.367 623.236C930.567 642.249 963.144 657.802 988.799 657.821H1035.5L895.345 470.037C881.145 451.004 848.528 435.432 822.872 435.432V435.452Z\" fill=\"#59C6D9\"\/>\n        <path d=\"M453.967 -39H407.31L547.461 148.784C561.662 167.797 594.238 183.35 619.894 183.37H666.592L526.44 -4.4145C512.24 -23.4475 479.623 -39.0199 453.967 -39.0199V-39Z\" fill=\"#59C6D9\"\/>\n    <\/g>\n<\/svg>\n\n<svg\n    aria-hidden=\"true\" focusable=\"false\" role=\"presentation\"\n    width=\"375\"\n    height=\"392\"\n    class=\"icon-mobile-decorator decorator\"\n    viewBox=\"0 0 375 392\" fill=\"none\" xmlns=\"http:\/\/www.w3.org\/2000\/svg\">\n    <g aria-hidden=\"true\" focusable=\"false\" role=\"presentation\" style=\"mix-blend-mode:multiply\" opacity=\"0.25\">\n        <path aria-hidden=\"true\" focusable=\"false\" role=\"presentation\" d=\"M362.739 31.7304H335.255L417.812 142.088C426.177 153.262 445.366 162.402 460.479 162.413H487.986L405.429 52.0558C397.064 40.8704 377.851 31.7188 362.739 31.7188V31.7304Z\" fill=\"#6D94CA\"\/>\n        <path aria-hidden=\"true\" focusable=\"false\" role=\"presentation\" d=\"M253.915 -107.347H226.431L308.988 3.01097C317.352 14.1847 336.542 23.3246 351.655 23.3363H379.162L296.605 -87.0214C288.24 -98.2067 269.027 -107.358 253.915 -107.358V-107.347Z\" fill=\"#22B3CD\"\/>\n        <path aria-hidden=\"true\" focusable=\"false\" role=\"presentation\" d=\"M343.655 99.9062H316.171L398.728 210.264C407.093 221.438 426.282 230.578 441.395 230.589H468.902L386.345 120.232C377.98 109.046 358.767 99.8945 343.655 99.8945V99.9062Z\" fill=\"#25B3CC\"\/>\n        <path aria-hidden=\"true\" focusable=\"false\" role=\"presentation\" d=\"M236.543 -38.292H209.059L291.616 72.0657C299.98 83.2393 319.17 92.3793 334.283 92.391H361.79L279.233 -17.9667C270.868 -29.152 251.655 -38.3037 236.543 -38.3037V-38.292Z\" fill=\"#59C6D9\"\/>\n        <path aria-hidden=\"true\" focusable=\"false\" role=\"presentation\" d=\"M246.524 68.2666H219.04L301.597 178.624C309.962 189.798 329.151 198.938 344.264 198.95H371.771L289.214 88.5919C280.85 77.4065 261.637 68.2549 246.524 68.2549V68.2666Z\" fill=\"#6D94CA\"\/>\n        <path aria-hidden=\"true\" focusable=\"false\" role=\"presentation\" d=\"M356.717 208.908H329.233L411.791 319.266C420.155 330.44 439.345 339.579 454.457 339.591H481.965L399.408 229.234C391.043 218.048 371.83 208.896 356.717 208.896V208.908Z\" fill=\"#59C6D9\"\/>\n        <path aria-hidden=\"true\" focusable=\"false\" role=\"presentation\" d=\"M139.412 -69.92H111.928L194.485 40.4377C202.85 51.6114 222.039 60.7514 237.152 60.7631H264.659L182.102 -49.5946C173.737 -60.78 154.524 -69.9316 139.412 -69.9316V-69.92Z\" fill=\"#22B3CD\"\/>\n    <\/g>\n<\/svg>\n\t<div id=\"custom-study-centers-banner-container\" class=\"default-container container__medium wpsl-search wpsl-clearfix wpsl-filter wpsl-checkboxes-enabled\">\r\n<h1 id=\"wpsl-heading\" class=\"font-heading1\">Encuentre su centro del estudio m\u00e1s cercano<\/h1><div id=\"wpsl-description\" class=\"font-paragraphXL\"><p>Ubique el centro del estudio de 4FRONT m\u00e1s cercano y comun\u00edquese con este para obtener m\u00e1s informaci\u00f3n.<\/p>\n<\/div>\t\t<div id=\"wpsl-search-wrap\">\r\n\t\t\t<form autocomplete=\"off\" class=\"desktop-map-form\">\r\n\t\t\t<div class=\"wpsl-input\">\r\n\t\t\t\t<input id=\"wpsl-search-input\" type=\"text\" value=\"\" name=\"wpsl-search-input\" placeholder=\"Ingrese su ciudad o c\u00f3digo postal\" aria-required=\"true\" aria-label=\"Ingrese su ciudad o c\u00f3digo postal\"\/>\r\n\t\t\t\t<div class=\"wpsl-search-btn-wrap\">\r\n\t\t\t\t<input id=\"wpsl-search-btn\" type=\"submit\" value=\"Buscar\" aria-label=\"Buscar\">\r\n\t\t\t\t<\/div>\r\n\t\t\t<\/div>\r\n\t\t\t<div class=\"wpsl-second-controls\">\r\n\t\t\t\t<div class=\"wpsl-icon-direction\" tabindex=\"0\" aria-label=\"Use current location button\">\r\n\n<svg\n    aria-hidden=\"true\"\n    width=\"16\"\n    height=\"16\"\n    class=\"icon-target \"\n    viewBox=\"0 0 16 16\" fill=\"none\" xmlns=\"http:\/\/www.w3.org\/2000\/svg\">\n    <g clip-path=\"url(#clip0_12975_19548)\">\n        <path d=\"M8.00033 5.33335C6.52699 5.33335 5.33366 6.52669 5.33366 8.00002C5.33366 9.47335 6.52699 10.6667 8.00033 10.6667C9.47366 10.6667 10.667 9.47335 10.667 8.00002C10.667 6.52669 9.47366 5.33335 8.00033 5.33335ZM13.9603 7.33335C13.6537 4.55335 11.447 2.34669 8.66699 2.04002V0.666687H7.33366V2.04002C4.55366 2.34669 2.34699 4.55335 2.04033 7.33335H0.666992V8.66669H2.04033C2.34699 11.4467 4.55366 13.6534 7.33366 13.96V15.3334H8.66699V13.96C11.447 13.6534 13.6537 11.4467 13.9603 8.66669H15.3337V7.33335H13.9603ZM8.00033 12.6667C5.42033 12.6667 3.33366 10.58 3.33366 8.00002C3.33366 5.42002 5.42033 3.33335 8.00033 3.33335C10.5803 3.33335 12.667 5.42002 12.667 8.00002C12.667 10.58 10.5803 12.6667 8.00033 12.6667Z\" fill=\"#062449\"\/>\n    <\/g>\n    <defs>\n        <clipPath id=\"clip0_12975_19548\">\n            <rect width=\"16\" height=\"16\" fill=\"white\"\/>\n        <\/clipPath>\n    <\/defs>\n<\/svg>\n\t\t\t<span>Usar mi ubicaci\u00f3n actual<\/span>\r\n\t\t\t<\/div>\r\n<ul id=\"wpsl-checkbox-filter\" class=\"wpsl-checkbox-4-columns\"><li><label><input type=\"checkbox\" value=\"3\"  \/>4FRONT-1<\/label><\/li><li><label><input type=\"checkbox\" value=\"36\"  \/>4FRONT-1 Recruiting<\/label><\/li><li><label><input type=\"checkbox\" value=\"4\"  \/>4FRONT-2<\/label><\/li><li><label><input type=\"checkbox\" value=\"37\"  \/>4FRONT-2 Recruiting<\/label><\/li><\/ul><ul style=\"background-color: beige;\" class=\"custom-category-filter-list\" id=\"wpsl-checkbox-filter-custom-desktop\" class=\"wpsl-checkbox-3-columns\"><li><label><input checked=\"true\" class=\"combine-box\" type=\"checkbox\" value=\"Recruiting\" \/>Recruiting<\/label><\/li><li><label><input checked=\"true\" class=\"option-box\" type=\"checkbox\" value=\"4FRONT-1\" data-category-id=\"3\" data-subcategory-id=\"36\" \/>4FRONT-1<\/label><\/li><li><label><input checked=\"true\" class=\"option-box\" type=\"checkbox\" value=\"4FRONT-2\" data-category-id=\"4\" data-subcategory-id=\"37\" \/>4FRONT-2<\/label><\/li><\/ul>\t\t\t<div class=\"wpsl-select-wrap\">\r\n\t\t\t\t<div id=\"wpsl-radius\">\r\n\t\t\t\t\t<select id=\"wpsl-radius-dropdown\" class=\"wpsl-dropdown\" name=\"wpsl-radius\">\r\n\t\t\t\t\t\t<option value=\"25\">25 mi<\/option><option selected=\"selected\" value=\"50\">50 mi<\/option><option value=\"75\">75 mi<\/option><option value=\"25000\">25000 mi<\/option>\r\n\t\t\t\t\t<\/select>\r\n\t\t\t\t<\/div>\r\n<div class=\"custom-radius-container\"><div id=\"wpsl-dummy-radius-desktop\"><div id=\"desktop-range-label\" class=\"hidden\">Map Radius Selector<\/div><div class=\"selected-range\" aria-controls=\"desktop-range-list\" aria-expanded=\"false\" aria-haspopup=\"listbox\" aria-labelledby=\"desktop-range-label\"  role=\"combobox\" tabindex=\"0\" ><\/div><div class=\"range-options-list\" role=\"listbox\" tabindex=\"-1\" id=\"desktop-range-list\" aria-labelledby=\"desktop-range-label\" ><\/div><\/div><\/div>\t\t\t\t<div id=\"wpsl-results\">\r\n\t\t\t\t\t<label for=\"wpsl-results-dropdown\">Resultados<\/label>\r\n\t\t\t\t\t<select id=\"wpsl-results-dropdown\" class=\"wpsl-dropdown\" name=\"wpsl-results\">\r\n\t\t\t\t\t\t<option value=\"1\">1<\/option><option selected=\"selected\" value=\"25\">25<\/option>\r\n\t\t\t\t\t<\/select>\r\n\t\t\t\t<\/div>\r\n\t\t\t<\/div>\r\n\t<\/div>\r\n\t\t<\/form>\r\n\t\t\t<form autocomplete=\"off\" class=\"mobile-map-form\">\r\n\t\t\t<div class=\"wpsl-input\">\r\n\t\t\t<\/div>\r\n\t\t\t<div class=\"wpsl-second-controls\">\r\n\t\t\t<div class=\"filters-dropdown\">\r\n\t\t\t<div class=\"filters-title\" tabindex=\"0\" role=\"button\" aria-haspopup=\"true\" aria-expanded=\"false\" aria-label=\"Filter options\">\r\n\t\t\t<p>Filters<\/p>\n<svg\n    aria-hidden=\"true\"\n    width=\"32\"\n    height=\"32\"\n    class=\"icon-caret \"\n    viewBox=\"0 0 32 32\" fill=\"none\" xmlns=\"http:\/\/www.w3.org\/2000\/svg\">\n    <path d=\"M27.0612 13.0612L17.0612 23.0612C16.9218 23.2011 16.7563 23.312 16.5739 23.3877C16.3916 23.4634 16.1961 23.5024 15.9987 23.5024C15.8013 23.5024 15.6058 23.4634 15.4235 23.3877C15.2411 23.312 15.0756 23.2011 14.9362 23.0612L4.9362 13.0612C4.6544 12.7794 4.49609 12.3972 4.49609 11.9987C4.49609 11.6002 4.6544 11.218 4.9362 10.9362C5.21799 10.6544 5.60018 10.4961 5.9987 10.4961C6.39721 10.4961 6.7794 10.6544 7.0612 10.9362L15.9999 19.875L24.9387 10.935C25.2205 10.6532 25.6027 10.4949 26.0012 10.4949C26.3997 10.4949 26.7819 10.6532 27.0637 10.935C27.3455 11.2168 27.5038 11.599 27.5038 11.9975C27.5038 12.396 27.3455 12.7782 27.0637 13.06L27.0612 13.0612Z\" fill=\"#062449\"\/>\n<\/svg>\n\t\t\t<\/div>\r\n\t\t\t<div class=\"filters\">\r\n<ul style=\"background-color: beige;\" class=\"custom-category-filter-list\" id=\"wpsl-checkbox-filter-custom-mobile\" class=\"wpsl-checkbox-3-columns\"><li><label><input checked=\"true\" class=\"combine-box\" type=\"checkbox\" value=\"Recruiting\" \/>Recruiting<\/label><\/li><li><label><input checked=\"true\" class=\"option-box\" type=\"checkbox\" value=\"4FRONT-1\" data-category-id=\"3\" data-subcategory-id=\"36\" \/>4FRONT-1<\/label><\/li><li><label><input checked=\"true\" class=\"option-box\" type=\"checkbox\" value=\"4FRONT-2\" data-category-id=\"4\" data-subcategory-id=\"37\" \/>4FRONT-2<\/label><\/li><\/ul>\t\t\t<div class=\"wpsl-select-wrap\">\r\n<div id=\"wpsl-dummy-radius-mobile\"><div id=\"mobile-range-label\" class=\"hidden\">Map Radius Selector<\/div><div class=\"selected-range\" aria-controls=\"mobile-range-list\" aria-expanded=\"false\" aria-haspopup=\"listbox\" aria-labelledby=\"mobile-range-label\" role=\"combobox\" tabindex=\"0\" ><\/div><div class=\"range-options-list\" role=\"listbox\" tabindex=\"-1\" id=\"mobile-range-list\" aria-labelledby=\"mobile-range-label\" ><\/div><\/div>\t\t\t<\/div>\r\n\t\t\t<\/div>\r\n\t\t\t<\/div>\r\n\t<\/div>\r\n\t\t\t\t<div class=\"wpsl-search-btn-wrap-mobile\">\r\n\t\t\t\t<input id=\"wpsl-search-btn-mobile\" type=\"submit\" value=\"Buscar\" aria-label=\"Buscar\">\r\n\t\t\t\t<\/div>\r\n\t\t<\/form>\r\n\t\t<\/div>\r\n\t<\/div>\r\n\t<\/div>\r\n\t<div id=\"wpsl-before-initial-search\">\r\n\t<div class=\"default-container container__medium\">\r\n\t<p tabindex=\"0\">Ingrese su ubicaci\u00f3n arriba para ver los centros de estudio cerca de usted.<\/p>\t<\/div>\r\n\t<\/div>\r\n\t<p class=\"wpsl-stores-count-mobile font-paragraphXL\" tabindex=\"0\"><\/p>\r\n\t<div id=\"wpsl-mobile-controls\" class=\"hidden\">\r\n\t\t<button id=\"wpsl-list-open\" class=\"mobile-active\" >\r\n\t\t\n<svg\n    aria-hidden=\"true\"\n    width=\"24\"\n    height=\"24\"\n    class=\"icon-list-bullet \"\n    viewBox=\"0 0 24 25\" fill=\"none\" xmlns=\"http:\/\/www.w3.org\/2000\/svg\">\n    <path d=\"M7.125 6.5C7.125 6.20163 7.24353 5.91548 7.45451 5.7045C7.66548 5.49353 7.95163 5.375 8.25 5.375H20.25C20.5484 5.375 20.8345 5.49353 21.0455 5.7045C21.2565 5.91548 21.375 6.20163 21.375 6.5C21.375 6.79837 21.2565 7.08452 21.0455 7.2955C20.8345 7.50647 20.5484 7.625 20.25 7.625H8.25C7.95163 7.625 7.66548 7.50647 7.45451 7.2955C7.24353 7.08452 7.125 6.79837 7.125 6.5ZM20.25 11.375H8.25C7.95163 11.375 7.66548 11.4935 7.45451 11.7045C7.24353 11.9155 7.125 12.2016 7.125 12.5C7.125 12.7984 7.24353 13.0845 7.45451 13.2955C7.66548 13.5065 7.95163 13.625 8.25 13.625H20.25C20.5484 13.625 20.8345 13.5065 21.0455 13.2955C21.2565 13.0845 21.375 12.7984 21.375 12.5C21.375 12.2016 21.2565 11.9155 21.0455 11.7045C20.8345 11.4935 20.5484 11.375 20.25 11.375ZM20.25 17.375H8.25C7.95163 17.375 7.66548 17.4935 7.45451 17.7045C7.24353 17.9155 7.125 18.2016 7.125 18.5C7.125 18.7984 7.24353 19.0845 7.45451 19.2955C7.66548 19.5065 7.95163 19.625 8.25 19.625H20.25C20.5484 19.625 20.8345 19.5065 21.0455 19.2955C21.2565 19.0845 21.375 18.7984 21.375 18.5C21.375 18.2016 21.2565 17.9155 21.0455 17.7045C20.8345 17.4935 20.5484 17.375 20.25 17.375ZM4.125 11C3.82833 11 3.53832 11.088 3.29165 11.2528C3.04497 11.4176 2.85271 11.6519 2.73918 11.926C2.62565 12.2001 2.59594 12.5017 2.65382 12.7926C2.7117 13.0836 2.85456 13.3509 3.06434 13.5607C3.27412 13.7704 3.54139 13.9133 3.83237 13.9712C4.12334 14.0291 4.42494 13.9994 4.69903 13.8858C4.97312 13.7723 5.20738 13.58 5.37221 13.3334C5.53703 13.0867 5.625 12.7967 5.625 12.5C5.625 12.1022 5.46697 11.7206 5.18566 11.4393C4.90436 11.158 4.52283 11 4.125 11ZM4.125 5C3.82833 5 3.53832 5.08797 3.29165 5.2528C3.04497 5.41762 2.85271 5.65189 2.73918 5.92597C2.62565 6.20006 2.59594 6.50166 2.65382 6.79264C2.7117 7.08361 2.85456 7.35088 3.06434 7.56066C3.27412 7.77044 3.54139 7.9133 3.83237 7.97118C4.12334 8.02906 4.42494 7.99935 4.69903 7.88582C4.97312 7.77229 5.20738 7.58003 5.37221 7.33336C5.53703 7.08668 5.625 6.79667 5.625 6.5C5.625 6.10218 5.46697 5.72064 5.18566 5.43934C4.90436 5.15804 4.52283 5 4.125 5ZM4.125 17C3.82833 17 3.53832 17.088 3.29165 17.2528C3.04497 17.4176 2.85271 17.6519 2.73918 17.926C2.62565 18.2001 2.59594 18.5017 2.65382 18.7926C2.7117 19.0836 2.85456 19.3509 3.06434 19.5607C3.27412 19.7704 3.54139 19.9133 3.83237 19.9712C4.12334 20.0291 4.42494 19.9994 4.69903 19.8858C4.97312 19.7723 5.20738 19.58 5.37221 19.3334C5.53703 19.0867 5.625 18.7967 5.625 18.5C5.625 18.1022 5.46697 17.7206 5.18566 17.4393C4.90436 17.158 4.52283 17 4.125 17Z\" fill=\"currentColor\"\/>\n<\/svg>\n\r\n\t\t<span class=\"font-paragraphLarge\">Lista<\/span>\r\n\t\t<\/button>\r\n\t\t<button id=\"wpsl-map-open\">\r\n\t\t\n<svg\n    aria-hidden=\"true\"\n    width=\"24\"\n    height=\"24\"\n    class=\"icon-map-trifold \"\n    viewBox=\"0 0 24 25\" fill=\"none\" xmlns=\"http:\/\/www.w3.org\/2000\/svg\">\n    <path d=\"M21.6919 4.86313C21.5572 4.75804 21.4003 4.68503 21.2331 4.64961C21.066 4.6142 20.8929 4.61733 20.7272 4.65875L15.1312 6.0575L9.50625 3.245C9.26599 3.12479 8.99064 3.09453 8.73 3.15969L2.73 4.65969C2.48625 4.71995 2.26967 4.86002 2.11473 5.0576C1.95979 5.25518 1.8754 5.49892 1.875 5.75V19.25C1.87503 19.4209 1.91401 19.5896 1.98899 19.7433C2.06396 19.8969 2.17297 20.0314 2.30771 20.1366C2.44246 20.2418 2.59941 20.3149 2.76663 20.3504C2.93386 20.3858 3.10697 20.3827 3.27281 20.3413L8.86875 18.9425L14.4938 21.755C14.734 21.8752 15.0094 21.9055 15.27 21.8403L21.27 20.3403C21.5137 20.2801 21.7303 20.14 21.8853 19.9424C22.0402 19.7448 22.1246 19.5011 22.125 19.25V5.75C22.125 5.57898 22.0859 5.41021 22.0109 5.25653C21.9358 5.10285 21.8267 4.96831 21.6919 4.86313ZM10.125 6.07063L13.875 7.94563V18.9294L10.125 17.0544V6.07063ZM4.125 6.63313L7.875 5.69563V16.8716L4.125 17.8091V6.63313ZM19.875 18.3716L16.125 19.3091V8.12844L19.875 7.19094V18.3716Z\" fill=\"currentColor\"\/>\n<\/svg>\n\r\n\t\t<span class=\"font-paragraphLarge\">Mapa<\/span>\r\n\t\t<\/button>\r\n\t<\/div>\r\n\t<div id=\"map-container\">\r\n\t<div id=\"wpsl-result-list\" class=\"hidden\">\r\n\t\t<div id=\"wpsl-stores\" class=\"wpsl-not-loaded\">\r\n\t\t\t<ul><\/ul>\r\n\t\t<\/div>\r\n\t\t<div id=\"wpsl-direction-details\">\r\n\t\t\t<ul><\/ul>\r\n\t\t<\/div>\r\n\t<\/div>\r\n\t<div id=\"wpsl-gmap\" class=\"initially-hidden wpsl-gmap-canvas\" aria-hidden=\"true\"><\/div>\r\n\t<\/div>\r\n<div class=\"no-results-text\">There are no results for your search, but here's the closest site available:<\/div><div class=\"measurement-unit-text\">Within<\/div><div class=\"within-text\">miles<\/div><div class=\"wpsl-stores-count-message\">Showing store_count study centers near you:<\/div><div class=\"wpsl-one-store-message\">Showing 1 study center near you:<\/div><\/div>\r\n<\/div>\r\n<style>\n    #wpsl-search-wrap #wpsl-dummy-radius-mobile .selected-range::after,\n    #wpsl-search-wrap #wpsl-dummy-radius-desktop .selected-range::after {\n        content: \"\";\n        background-image: url('data:image\/svg+xml;utf8,%20%3Csvg%20aria-hidden%3D%22true%22%20width%3D%2232%22%20height%3D%2232%22%20class%3D%22icon-caret%20%22%20viewBox%3D%220%200%2032%2032%22%20fill%3D%22none%22%20xmlns%3D%22http%3A%2F%2Fwww.w3.org%2F2000%2Fsvg%22%3E%20%3Cpath%20d%3D%22M27.0612%2013.0612L17.0612%2023.0612C16.9218%2023.2011%2016.7563%2023.312%2016.5739%2023.3877C16.3916%2023.4634%2016.1961%2023.5024%2015.9987%2023.5024C15.8013%2023.5024%2015.6058%2023.4634%2015.4235%2023.3877C15.2411%2023.312%2015.0756%2023.2011%2014.9362%2023.0612L4.9362%2013.0612C4.6544%2012.7794%204.49609%2012.3972%204.49609%2011.9987C4.49609%2011.6002%204.6544%2011.218%204.9362%2010.9362C5.21799%2010.6544%205.60018%2010.4961%205.9987%2010.4961C6.39721%2010.4961%206.7794%2010.6544%207.0612%2010.9362L15.9999%2019.875L24.9387%2010.935C25.2205%2010.6532%2025.6027%2010.4949%2026.0012%2010.4949C26.3997%2010.4949%2026.7819%2010.6532%2027.0637%2010.935C27.3455%2011.2168%2027.5038%2011.599%2027.5038%2011.9975C27.5038%2012.396%2027.3455%2012.7782%2027.0637%2013.06L27.0612%2013.0612Z%22%20fill%3D%22%23062449%22%2F%3E%20%3C%2Fsvg%3E%20');\n        background-size: contain;\n        background-repeat: no-repeat;\n        background-position: center;\n        width: 24px;\n        height: 24px;\n        margin-left: 4px;\n        position: absolute;\n        top: 50%;\n        transform: translateY(-50%);\n        right: 0.75rem;\n        transition: transform 0.3s ease-in-out;\n    }\n\n    #wpsl-search-wrap #wpsl-dummy-radius-desktop.open .selected-range::after,\n    #wpsl-search-wrap #wpsl-dummy-radius-mobile.open .selected-range::after {\n        transform: translateY(-50%) rotate(180deg);\n    }\n}\n<\/style>\n","protected":false},"excerpt":{"rendered":"","protected":false},"author":1,"featured_media":0,"parent":0,"menu_order":0,"comment_status":"closed","ping_status":"closed","template":"page-map","meta":{"_acf_changed":false,"footnotes":""},"class_list":["post-296","page","type-page","status-publish","hentry"],"acf":[],"_links":{"self":[{"href":"https:\/\/4frontclinicalstudies.com\/es\/wp-json\/wp\/v2\/pages\/296","targetHints":{"allow":["GET"]}}],"collection":[{"href":"https:\/\/4frontclinicalstudies.com\/es\/wp-json\/wp\/v2\/pages"}],"about":[{"href":"https:\/\/4frontclinicalstudies.com\/es\/wp-json\/wp\/v2\/types\/page"}],"author":[{"embeddable":true,"href":"https:\/\/4frontclinicalstudies.com\/es\/wp-json\/wp\/v2\/users\/1"}],"replies":[{"embeddable":true,"href":"https:\/\/4frontclinicalstudies.com\/es\/wp-json\/wp\/v2\/comments?post=296"}],"version-history":[{"count":4,"href":"https:\/\/4frontclinicalstudies.com\/es\/wp-json\/wp\/v2\/pages\/296\/revisions"}],"predecessor-version":[{"id":943,"href":"https:\/\/4frontclinicalstudies.com\/es\/wp-json\/wp\/v2\/pages\/296\/revisions\/943"}],"wp:attachment":[{"href":"https:\/\/4frontclinicalstudies.com\/es\/wp-json\/wp\/v2\/media?parent=296"}],"curies":[{"name":"wp","href":"https:\/\/api.w.org\/{rel}","templated":true}]}}