{"id":3141,"date":"2025-09-22T11:10:04","date_gmt":"2025-09-22T11:10:04","guid":{"rendered":"https:\/\/4frontclinicalstudies.com\/aviso-de-cookies-2\/"},"modified":"2025-09-23T13:56:59","modified_gmt":"2025-09-23T13:56:59","slug":"aviso-de-cookies","status":"publish","type":"page","link":"https:\/\/4frontclinicalstudies.com\/es\/aviso-de-cookies\/","title":{"rendered":"Aviso de Cookies"},"content":{"rendered":"\n\n<section id=\"image-banner--wrapper-69fa140a0f52b\" class=\"image-banner--wrapper\">\n            \n<svg\n    aria-hidden=\"true\" focusable=\"false\" role=\"presentation\"\n    width=\"1005\"\n    height=\"659\"\n    class=\"icon-desktop-decorator decorator multicolor-decorator\"\n    viewBox=\"0 0 1005 659\" fill=\"none\" xmlns=\"http:\/\/www.w3.org\/2000\/svg\">\n    <g style=\"mix-blend-mode:multiply\" opacity=\"0.25\">\n        <path d=\"M833.095 133.967H786.438L926.589 321.751C940.79 340.764 973.366 356.317 999.022 356.337H1045.72L905.568 168.553C891.367 149.52 858.751 133.947 833.095 133.947V133.967Z\" fill=\"#6D94CA\"\/>\n        <path d=\"M908.352 72.314H861.694L1001.85 260.098C1016.05 279.111 1048.62 294.664 1074.28 294.684H1120.98L980.824 106.9C966.624 87.8666 934.008 72.2941 908.352 72.2941V72.314Z\" fill=\"#22B3CD\"\/>\n        <path d=\"M648.352 -102.686H601.694L741.846 85.098C756.046 104.111 788.623 119.664 814.279 119.684H860.976L720.824 -68.1005C706.624 -87.1334 674.008 -102.706 648.352 -102.706V-102.686Z\" fill=\"#22B3CD\"\/>\n        <path d=\"M800.698 249.975H754.04L894.192 437.759C908.392 456.772 940.969 472.325 966.625 472.344H1013.32L873.17 284.56C858.97 265.528 826.353 249.955 800.698 249.955V249.975Z\" fill=\"#25B3CC\"\/>\n        <path d=\"M987.766 489.289H941.108L1081.26 677.073C1095.46 696.086 1128.04 711.639 1153.69 711.659H1200.39L1060.24 523.875C1046.04 504.842 1013.42 489.269 987.766 489.269V489.289Z\" fill=\"#CDDAED\" fill-opacity=\"0.5\"\/>\n        <path d=\"M618.86 14.8174H572.202L712.354 202.601C726.554 221.614 759.131 237.167 784.787 237.187H831.484L691.332 49.4029C677.132 30.3699 644.516 14.7975 618.86 14.7975V14.8174Z\" fill=\"#59C6D9\"\/>\n        <path d=\"M635.805 196.138H589.147L729.299 383.922C743.499 402.935 776.076 418.487 801.731 418.507H848.429L708.277 230.723C694.077 211.69 661.46 196.118 635.805 196.118V196.138Z\" fill=\"#6D94CA\"\/>\n        <path d=\"M822.872 435.452H776.215L916.367 623.236C930.567 642.249 963.144 657.802 988.799 657.821H1035.5L895.345 470.037C881.145 451.004 848.528 435.432 822.872 435.432V435.452Z\" fill=\"#59C6D9\"\/>\n        <path d=\"M453.967 -39H407.31L547.461 148.784C561.662 167.797 594.238 183.35 619.894 183.37H666.592L526.44 -4.4145C512.24 -23.4475 479.623 -39.0199 453.967 -39.0199V-39Z\" fill=\"#22B3CD\"\/>\n    <\/g>\n<\/svg>\n        \n<svg\n    aria-hidden=\"true\" focusable=\"false\" role=\"presentation\"\n    width=\"375\"\n    height=\"392\"\n    class=\"icon-mobile-decorator decorator \"\n    viewBox=\"0 0 375 392\" fill=\"none\" xmlns=\"http:\/\/www.w3.org\/2000\/svg\">\n    <g aria-hidden=\"true\" focusable=\"false\" role=\"presentation\" style=\"mix-blend-mode:multiply\" opacity=\"0.25\">\n        <path aria-hidden=\"true\" focusable=\"false\" role=\"presentation\" d=\"M362.739 31.7304H335.255L417.812 142.088C426.177 153.262 445.366 162.402 460.479 162.413H487.986L405.429 52.0558C397.064 40.8704 377.851 31.7188 362.739 31.7188V31.7304Z\" fill=\"#6D94CA\"\/>\n        <path aria-hidden=\"true\" focusable=\"false\" role=\"presentation\" d=\"M253.915 -107.347H226.431L308.988 3.01097C317.352 14.1847 336.542 23.3246 351.655 23.3363H379.162L296.605 -87.0214C288.24 -98.2067 269.027 -107.358 253.915 -107.358V-107.347Z\" fill=\"#22B3CD\"\/>\n        <path aria-hidden=\"true\" focusable=\"false\" role=\"presentation\" d=\"M343.655 99.9062H316.171L398.728 210.264C407.093 221.438 426.282 230.578 441.395 230.589H468.902L386.345 120.232C377.98 109.046 358.767 99.8945 343.655 99.8945V99.9062Z\" fill=\"#25B3CC\"\/>\n        <path aria-hidden=\"true\" focusable=\"false\" role=\"presentation\" d=\"M236.543 -38.292H209.059L291.616 72.0657C299.98 83.2393 319.17 92.3793 334.283 92.391H361.79L279.233 -17.9667C270.868 -29.152 251.655 -38.3037 236.543 -38.3037V-38.292Z\" fill=\"#59C6D9\"\/>\n        <path aria-hidden=\"true\" focusable=\"false\" role=\"presentation\" d=\"M246.524 68.2666H219.04L301.597 178.624C309.962 189.798 329.151 198.938 344.264 198.95H371.771L289.214 88.5919C280.85 77.4065 261.637 68.2549 246.524 68.2549V68.2666Z\" fill=\"#6D94CA\"\/>\n        <path aria-hidden=\"true\" focusable=\"false\" role=\"presentation\" d=\"M356.717 208.908H329.233L411.791 319.266C420.155 330.44 439.345 339.579 454.457 339.591H481.965L399.408 229.234C391.043 218.048 371.83 208.896 356.717 208.896V208.908Z\" fill=\"#59C6D9\"\/>\n        <path aria-hidden=\"true\" focusable=\"false\" role=\"presentation\" d=\"M139.412 -69.92H111.928L194.485 40.4377C202.85 51.6114 222.039 60.7514 237.152 60.7631H264.659L182.102 -49.5946C173.737 -60.78 154.524 -69.9316 139.412 -69.9316V-69.92Z\" fill=\"#22B3CD\"\/>\n    <\/g>\n<\/svg>\n    \n    <style type=\"text\/css\">\n        #image-banner--wrapper-69fa140a0f52b {\n        padding-top: 72px;\n        padding-bottom: 96px;\n        \n        background: var(--wp--preset--gradient--default-gradient);\n    }\n    @media only screen and (max-width: 1250px) {\n         #image-banner--wrapper-69fa140a0f52b {\n            padding-top: 54px;\n            padding-bottom: 72px;\n        }\n    }\n    @media only screen and (max-width: 767px) {\n        #image-banner--wrapper-69fa140a0f52b {\n            padding-top: 40px;\n            padding-bottom: 40px;\n        }\n    }\n    \n            #image-banner--wrapper-69fa140a0f52b {\n            position: relative;\n        }\n        #image-banner--wrapper-69fa140a0f52b > div {\n            padding-top: 6.125rem;\n            position: relative;\n            z-index: 2;\n        }\n        @media screen and (max-width: 1100px) { \n            #image-banner--wrapper-69fa140a0f52b > div {\n                padding-top: 3.875rem;\n            }\n        }\n      <\/style>\n\n    \n<div class=\"default-container container__small\">\n                    <style type=\"text\/css\" id=\"inline-style-text-image\">\n                    .text-image-container {\n    display: flex;\n    flex-direction: row;\n    align-items: center;\n    justify-content: space-between;\n    flex-wrap: wrap;\n}\n\n.content-text-container {\n    display: flex;\n    flex-direction: column;\n    gap: 1.5rem;\n}\n\n.text-image-container.has-image.image-on-left {\n    flex-direction: row-reverse;\n}\n\n.text-image-container .content-image img{\n    border-radius: 2.8125rem;\n    object-fit: cover;\n    object-position: center;\n    width: 100%;\n    height: 100%;\n}\n.text-image-container.square .content-image-container,\n.text-image-container.portrait .content-image-container {\n    width: 40.32%;\n}\n\n.text-image-container.landscape .content-image-container {\n    width: 49%;\n}\n\n.text-image-container.landscape.bigger-spacing .content-image-container {\n    width: 46.38%;\n}\n\n.text-image-container.landscape .content-text-container {\n    width: 49.18%;\n}\n\n.text-image-container.landscape.bigger-spacing .content-text-container {\n    width: 47.02%;\n}\n\n.text-image-container.square .content-text-container,\n.text-image-container.portrait .content-text-container {\n    width: 55.877%;\n}\n\n\n.text-image-container.landscape.bigger-spacing .content-image {\n    aspect-ratio: 513 \/ 393;\n}\n\n.text-image-container.landscape .content-image {\n    aspect-ratio: 542 \/ 361;\n}\n\n.text-image-container.square .content-image {\n    aspect-ratio: 1 \/ 1;\n}\n.text-image-container.portrait .content-image {\n    aspect-ratio: 392 \/ 513;\n}\n\n\n@media screen and (max-width: 991px) {\n    .text-image-container {\n        gap: 1.6875rem;\n    }\n\n    .text-image-container.hide-mobile-image .content-image-container {\n        display: none;\n    }\n\n    .text-image-container:not(.hide-mobile-image) .content-image-container ,\n    .text-image-container.landscape.bigger-spacing .content-text-container ,\n    .text-image-container.landscape .content-text-container ,\n    .text-image-container.portrait .content-text-container ,\n    .text-image-container.square .content-text-container ,\n    .text-image-container .content-image-container {\n        width: 100%;\n    }\n\n    .text-image-container .content-image-container {\n        order: 1;\n    }\n\n    .text-image-container .content-text-container {\n        order: 2;\n    }\n\n}                <\/style>\n            \n    <div class=\"text-image-container bigger-spacing hide-mobile-image  image-on-left\">\n        \n<div class=\"content-text-container \">\n                        <h1 id=\"image-banner--wrapper-69fa140a0f52b-title\" class=\"content-heading font-heading1\">\n                Aviso de Cookies            <\/h1>\n            \n    \n    \n    <\/div>            <\/div>\n<\/div>\n\n        \n<svg\n    aria-hidden=\"true\"\n    width=\"80\"\n    height=\"80\"\n    class=\"corner-decorator mobile-hidden image-banner--decorator\"\n    viewBox=\"0 0 80 80\" fill=\"none\" xmlns=\"http:\/\/www.w3.org\/2000\/svg\">\n    <path fill-rule=\"evenodd\" clip-rule=\"evenodd\" d=\"M80 0H0C44.1828 0 80 35.8172 80 80V0Z\" fill=\"#9EB8DB\"\/>\n<\/svg>\n\n<svg\n    aria-hidden=\"true\"\n    width=\"48\"\n    height=\"48\"\n    class=\"corner-decorator desktop-hidden image-banner--decorator\"\n    viewBox=\"0 0 48 48\" fill=\"none\" xmlns=\"http:\/\/www.w3.org\/2000\/svg\">\n    <path d=\"M48 48C48 21.4903 26.5097 0 0 0H48V48Z\" fill=\"#9EB8DB\"\/>\n<\/svg>\n\n<\/section>\n<section id=\"legal-content--wrapper-69fa140a10f7d\" class=\"legal-content--wrapper\">\n    <style type=\"text\/css\">\n        #legal-content--wrapper-69fa140a10f7d {\n        padding-top: 96px;\n        padding-bottom: 120px;\n        \n        background: var(--wp--preset--color--white);\n    }\n    @media only screen and (max-width: 1250px) {\n         #legal-content--wrapper-69fa140a10f7d {\n            padding-top: 72px;\n            padding-bottom: 90px;\n        }\n    }\n    @media only screen and (max-width: 767px) {\n        #legal-content--wrapper-69fa140a10f7d {\n            padding-top: 40px;\n            padding-bottom: 40px;\n        }\n    }\n    \n        <\/style>\n\n    <div class=\"default-container container__small\">\n        <div class=\"container__narrow\">\n            <div class=\"font-paragraph wysiwyg-rte\">\n                <p><em>\u00daltima actualizaci\u00f3n: 10 de marzo de 2025<\/em><\/p>\n<p>Puede obtener m\u00e1s informaci\u00f3n sobre 4DMT y nuestros servicios en nuestros sitios web:<\/p>\n<ol>\n<li><a href=\"https:\/\/4dmoleculartherapeutics.com\/\">https:\/\/4dmoleculartherapeutics.com\/<\/a><\/li>\n<li><a href=\"https:\/\/ir.4dmoleculartherapeutics.com\/\">https:\/\/ir.4dmoleculartherapeutics.com\/<\/a><\/li>\n<\/ol>\n<p><\/p>\n<h2><\/h2>\n<p><\/p>\n<h2>Qu\u00e9 son las tecnolog\u00edas y <em>cookies<\/em> de seguimiento<\/h2>\n<p>Las tecnolog\u00edas de seguimiento son tecnolog\u00edas utilizadas para recopilar informaci\u00f3n sobre los usuarios y sus actividades en un sitio web. Algunos ejemplos de tecnolog\u00edas de seguimiento incluyen <em>cookies<\/em> y balizas. Este aviso de <em>cookies<\/em> explica qu\u00e9 son las <em>cookies<\/em> y tecnolog\u00edas de seguimiento similares y c\u00f3mo las usamos en nuestros sitios web, los tipos de cookies que utilizamos y c\u00f3mo administrar la configuraci\u00f3n de las <em>cookies<\/em>.<\/p>\n<ul>\n<li><em>Cookies<\/em>: las cookies son peque\u00f1os archivos de texto que se utilizan para almacenar peque\u00f1os fragmentos de informaci\u00f3n. Se almacenan en su dispositivo cuando el sitio web se carga en su navegador. Estas <em>cookies<\/em> nos ayudan a hacer que el sitio web funcione correctamente, hacerlo m\u00e1s seguro, brindar una mejor experiencia al usuario y comprender c\u00f3mo funciona el sitio web, y analizar qu\u00e9 funciona y d\u00f3nde necesita mejorar.<\/li>\n<li><em>Cookies<\/em> de Flash: las cookies de Flash son peque\u00f1os archivos de datos que Adobe Flash Player integra en la computadora de un usuario para hacer un seguimiento y monitorear la actividad en l\u00ednea de los usuarios a trav\u00e9s de Internet.<\/li>\n<li>Balizas web: las balizas web son peque\u00f1as im\u00e1genes gr\u00e1ficas, tambi\u00e9n conocidas como \u201cetiquetas de Internet\u201d o \u201cGIFS invisibles\u201d, integradas en las p\u00e1ginas web. Se pueden usar balizas web, por ejemplo, para contar la cantidad de visitantes al sitio web, para monitorear c\u00f3mo los usuarios navegan por el sitio web y para contar las vistas de contenido.<\/li>\n<\/ul>\n<p>&nbsp;<\/p>\n<p>Las <em>cookies<\/em> y tecnolog\u00edas de seguimiento similares mencionadas anteriormente a partir de ahora se denominan \u201c<em>cookies<\/em>\u201d.<\/p>\n<p>&nbsp;<\/p>\n<h2>\u00bfC\u00f3mo usamos las cookies?<\/h2>\n<p>Como la mayor\u00eda de los servicios en l\u00ednea, nuestro sitio web utiliza <em>cookies<\/em> de origen y de terceros para varios fines. Las <em>cookies<\/em> de origen son, en su mayor\u00eda, necesarias para que el sitio web funcione de la manera correcta. Las <em>cookies<\/em> de terceros utilizadas en nuestro sitio web se utilizan principalmente para comprender c\u00f3mo se desempe\u00f1a el sitio web, c\u00f3mo interact\u00faa con nuestro sitio web, mantener seguros nuestros servicios, proporcionarle publicidades que son relevantes para usted y, en todos los casos, proporcionarle una mejor experiencia del usuario y ayudar a acelerar sus interacciones futuras con nuestro sitio web.<\/p>\n<p>&nbsp;<\/p>\n<h2>Tipos de cookies que usamos<\/h2>\n<p>Consulte las tablas a continuaci\u00f3n para ver un desglose de las <em>cookies<\/em> que usamos para el sitio web de 4DMT espec\u00edfico.<\/p>\n<p>&nbsp;<\/p>\n<p>1. <a href=\"https:\/\/4dmoleculartherapeutics.com\/\">https:\/\/4dmoleculartherapeutics.com\/<\/a><\/p>\n<p>&nbsp;<\/p>\n<table>\n<thead>\n<tr>\n<th>Tipo de cookie<\/th>\n<th>Nombre de la cookie<\/th>\n<th>Descripci\u00f3n<\/th>\n<th>Duraci\u00f3n del almacenamiento<\/th>\n<\/tr>\n<\/thead>\n<tbody>\n<tr>\n<td>Estrictamente necesarias<\/td>\n<td>_cf_bm<\/td>\n<td>Esta <em>cookie<\/em>, configurada por Cloudflare, se usa para respaldar la gesti\u00f3n de bots<br \/>\nde Cloudflare.<\/td>\n<td>1 hora<\/td>\n<\/tr>\n<tr>\n<td>Anal\u00edticas<\/td>\n<td>_ga_*<\/td>\n<td>Google Analytics configura esta <em>cookie<\/em> para almacenar y contar vistas de p\u00e1gina.<\/td>\n<td>1 a\u00f1o, 1 mes, 4 d\u00edas<\/td>\n<\/tr>\n<tr>\n<td>Anal\u00edticas<\/td>\n<td>_ga<\/td>\n<td>La <em>cookie<\/em> _ga, instalada por Google Analytics, calcula los datos de visitantes, sesi\u00f3n y campa\u00f1a, y tambi\u00e9n realiza un seguimiento del uso del sitio para el informe anal\u00edtico del sitio.<br \/>\nLa <em>cookie<\/em> almacena informaci\u00f3n de forma an\u00f3nima y asigna un n\u00famero generado aleatoriamente para reconocer a visitantes \u00fanicos.<\/td>\n<td>1 a\u00f1o, 1 mes, 4 d\u00edas<\/td>\n<\/tr>\n<tr>\n<td>Desempe\u00f1o<\/td>\n<td>wpEmojiSettingsSupports<\/td>\n<td>WordPress establece esta <em>cookie<\/em> cuando un usuario interact\u00faa con emoticonos en un sitio de WordPress. Ayuda a determinar si el navegador del usuario puede mostrar emoticonos correctamente.<\/td>\n<td>Sesi\u00f3n<\/td>\n<\/tr>\n<tr>\n<td>Funcionales<\/td>\n<td>_bugherd_session5<\/td>\n<td>BugHerd usa <em>cookies<\/em> de terceros para recordar los inicios de sesi\u00f3n de los usuarios, lo que garantiza que la barra lateral aparezca para los usuarios invitados en sitios web donde BugHerd est\u00e1 integrado.<\/td>\n<td>Sesi\u00f3n<\/td>\n<\/tr>\n<\/tbody>\n<\/table>\n<p>&nbsp;<\/p>\n<p>2. <a href=\"https:\/\/fr.4dmoleculartherapeutics.com\/\">https:\/\/fr.4dmoleculartherapeutics.com\/<\/a><\/p>\n<p>&nbsp;<\/p>\n<table>\n<thead>\n<tr>\n<th>Tipo de cookie<\/th>\n<th>Nombre de la cookie<\/th>\n<th>Descripci\u00f3n<\/th>\n<th>Duraci\u00f3n del almacenamiento<\/th>\n<\/tr>\n<\/thead>\n<tbody>\n<tr>\n<td>Estrictamente necesarias<\/td>\n<td>ak_bmsc<\/td>\n<td>Esta <em>cookie<\/em> es usada por Akamai para optimizar la seguridad del sitio al distinguir entre humanos y bots.<\/td>\n<td>2 horas<\/td>\n<\/tr>\n<tr>\n<td>Estrictamente necesarias<\/td>\n<td>_cf_bm<\/td>\n<td>Esta <em>cookie<\/em>, configurada por Cloudflare, se usa para respaldar la gesti\u00f3n de bots de Cloudflare.<\/td>\n<td>1 hora<\/td>\n<\/tr>\n<tr>\n<td>Estrictamente necesarias<\/td>\n<td>bm_sv<\/td>\n<td>\u00a0Esta <em>cookie<\/em> se usa para analizar el tr\u00e1fico para determinar si es tr\u00e1fico automatizado generado por los sistemas de TI o por un usuario humano.<\/td>\n<td>2 horas<\/td>\n<\/tr>\n<tr>\n<td>Estrictamente necesarias<\/td>\n<td>bm_mi<\/td>\n<td>Esta <em>cookie<\/em> se usa para analizar el tr\u00e1fico para determinar si es tr\u00e1fico automatizado generado por los sistemas de TI o por un usuario humano.<\/td>\n<td>Menos de un minuto<\/td>\n<\/tr>\n<tr>\n<td>Anal\u00edticas<\/td>\n<td>_ga<\/td>\n<td>La <em>cookie<\/em> _ga, instalada por Google Analytics, calcula los datos de visitantes, sesi\u00f3n y campa\u00f1a, y tambi\u00e9n realiza un seguimiento del uso del sitio para el informe anal\u00edtico del sitio.<\/p>\n<p>La <em>cookie<\/em> almacena informaci\u00f3n de forma an\u00f3nima y asigna un n\u00famero generado<br \/>\naleatoriamente para reconocer a visitantes \u00fanicos.<\/td>\n<td>1 a\u00f1o 1 mes 4 d\u00edas<\/td>\n<\/tr>\n<tr>\n<td>Anal\u00edticas<\/td>\n<td>_gat_gtag_UA_*<\/td>\n<td>Almacena informaci\u00f3n de forma an\u00f3nima y asigna un n\u00famero aleatorio para reconocer visitantes \u00fanicos.<\/td>\n<td>1 minuto<\/td>\n<\/tr>\n<tr>\n<td>Anal\u00edticas<\/td>\n<td>_gid<\/td>\n<td>Google Analytics configura esta cookie para almacenar una identificaci\u00f3n de usuario \u00fanica.<\/p>\n<p>Instalada por Google Analytics, la cookie _gid almacena informaci\u00f3n sobre c\u00f3mo los visitantes usan un sitio web y, a la vez, crea un informe anal\u00edtico del rendimiento del sitio web. Algunos de los datos que se recopilan incluyen la cantidad de visitantes, su fuente y las p\u00e1ginas que visitan de forma an\u00f3nima.<\/td>\n<td>1 d\u00eda<\/td>\n<\/tr>\n<tr>\n<td>Anal\u00edticas<\/td>\n<td>_ga_*<\/td>\n<td>Google Analytics configura esta <em>cookie<\/em> para almacenar y contar vistas de p\u00e1gina.<\/td>\n<td>1 a\u00f1o 1 mes 4 d\u00edas<\/td>\n<\/tr>\n<tr>\n<td>Desempe\u00f1o<\/td>\n<td>s_cc<\/td>\n<td>Adobe Analytics configura esta <em>cookie<\/em> para determinar si las cookies est\u00e1n habilitadas o no en el navegador del usuario.<\/td>\n<td>Sesi\u00f3n<\/td>\n<\/tr>\n<tr>\n<td>Desempe\u00f1o<\/td>\n<td>_gat<\/td>\n<td>Esta <em>cookie<\/em> es instalada por Google Universal Analytics para restringir la tasa de solicitudes y as\u00ed limitar la recopilaci\u00f3n de datos en sitios de alto tr\u00e1fico.<\/td>\n<td>1 minuto<\/td>\n<\/tr>\n<tr>\n<td>Anal\u00edticas<\/td>\n<td>AMCVS_*AdobeOrg<\/td>\n<td>Adobe-Dtm configura esta <em>cookie<\/em> para almacenar una identificaci\u00f3n \u00fanica a fin de identificar a un visitante \u00fanico.<\/td>\n<td>Sesi\u00f3n<\/td>\n<\/tr>\n<tr>\n<td>Anal\u00edticas<\/td>\n<td>AMCV_*AdobeOrg<\/td>\n<td>Adobe-Dtm configura esta <em>cookie<\/em> para encontrar la identificaci\u00f3n de usuario \u00fanica que reconoce al usuario en las visitas siguientes.<\/td>\n<td>1 a\u00f1o 1 mes 4 d\u00edas<\/td>\n<\/tr>\n<\/tbody>\n<\/table>\n<p>&nbsp;<\/p>\n<p>3. <a href=\"https:\/\/4frontclinicalstudies.com\">https:\/\/4frontclinicalstudies.com<\/a><\/p>\n<p>&nbsp;<\/p>\n<table>\n<thead>\n<tr>\n<th>Tipo de cookie<\/th>\n<th>Nombre de la cookie<\/th>\n<th>Descripci\u00f3n<\/th>\n<th>Duraci\u00f3n del almacenamiento<\/th>\n<\/tr>\n<\/thead>\n<tbody>\n<tr>\n<td>Estrictamente necesarias<\/td>\n<td>_cf_bm<\/td>\n<td>Esta cookie, configurada por Cloudflare, se usa para respaldar la gesti\u00f3n de bots de Cloudflare.<\/td>\n<td>1 hora<\/td>\n<\/tr>\n<tr>\n<td>Anal\u00edticas<\/td>\n<td>_ga_*<\/td>\n<td>Google Analytics configura esta cookie para almacenar y contar vistas de p\u00e1gina.<\/td>\n<td>1 a\u00f1o, 1 mes, 4 d\u00edas<\/td>\n<\/tr>\n<tr>\n<td>Anal\u00edticas<\/td>\n<td>_ga<\/td>\n<td>La <em>cookie<\/em> _ga, instalada por Google Analytics, calcula los datos de visitantes, sesi\u00f3n y campa\u00f1a, y tambi\u00e9n realiza un seguimiento del uso del sitio para el informe anal\u00edtico del sitio.<\/p>\n<p>La <em>cookie<\/em> almacena informaci\u00f3n de forma an\u00f3nima y asigna un n\u00famero generado aleatoriamente para reconocer a visitantes \u00fanicos.<\/td>\n<td>1 a\u00f1o, 1 mes, 4 d\u00edas<\/td>\n<\/tr>\n<tr>\n<td>Funcionales<\/td>\n<td>wp-wpml_current_language<\/td>\n<td>Almacena el idioma actual del usuario para garantizar que se muestre el contenido localizado correcto.<\/td>\n<td>Sesi\u00f3n<\/td>\n<\/tr>\n<\/tbody>\n<\/table>\n<p><\/p>\n<h2><\/h2>\n<p><\/p>\n<h2>\u00bfC\u00f3mo puede administrar la configuraci\u00f3n de las cookies?<\/h2>\n<p>La mayor\u00eda de los navegadores web permiten controlar la mayor\u00eda de las cookies a trav\u00e9s de la configuraci\u00f3n del navegador. Para obtener m\u00e1s informaci\u00f3n sobre las cookies, incluso c\u00f3mo ver qu\u00e9 cookies se han establecido, visite<br \/><a href=\"http:\/\/www.aboutcookies.org\">www.aboutcookies.org<\/a> o <br \/><a href=\"http:\/\/www.allaboutcookies.org\">www.allaboutcookies.org<\/a><br \/>Descubra c\u00f3mo administrar cookies en navegadores populares:<\/p>\n<ul>\n<li>Google Chrome<\/li>\n<li>Microsoft Edge<\/li>\n<li>Mozilla Firefox<\/li>\n<li>Opera<\/li>\n<li>Apple Safari<\/li>\n<\/ul>\n<p>Para encontrar informaci\u00f3n relacionada con otros navegadores, visite el sitio web del desarrollador de navegadores.<br \/>&nbsp;<br \/>Para optar por no participar en el seguimiento de Google Analytics en todos los sitios web, visite:<\/p>\n<p><a href=\"http:\/\/tools.google.com\/dlpage\/gaoptout\">http:\/\/tools.google.com\/dlpage\/gaoptout<\/a><\/p>\n<p>&nbsp;<\/p>\n<p><a href=\"\/es\">Volver al inicio<\/a><\/p>\n            <\/div>\n        <\/div>\n    <\/div>\n<\/section>\n","protected":false},"excerpt":{"rendered":"","protected":false},"author":1,"featured_media":0,"parent":0,"menu_order":0,"comment_status":"closed","ping_status":"closed","template":"","meta":{"_acf_changed":false,"footnotes":""},"class_list":["post-3141","page","type-page","status-publish","hentry"],"acf":[],"_links":{"self":[{"href":"https:\/\/4frontclinicalstudies.com\/es\/wp-json\/wp\/v2\/pages\/3141","targetHints":{"allow":["GET"]}}],"collection":[{"href":"https:\/\/4frontclinicalstudies.com\/es\/wp-json\/wp\/v2\/pages"}],"about":[{"href":"https:\/\/4frontclinicalstudies.com\/es\/wp-json\/wp\/v2\/types\/page"}],"author":[{"embeddable":true,"href":"https:\/\/4frontclinicalstudies.com\/es\/wp-json\/wp\/v2\/users\/1"}],"replies":[{"embeddable":true,"href":"https:\/\/4frontclinicalstudies.com\/es\/wp-json\/wp\/v2\/comments?post=3141"}],"version-history":[{"count":18,"href":"https:\/\/4frontclinicalstudies.com\/es\/wp-json\/wp\/v2\/pages\/3141\/revisions"}],"predecessor-version":[{"id":3215,"href":"https:\/\/4frontclinicalstudies.com\/es\/wp-json\/wp\/v2\/pages\/3141\/revisions\/3215"}],"wp:attachment":[{"href":"https:\/\/4frontclinicalstudies.com\/es\/wp-json\/wp\/v2\/media?parent=3141"}],"curies":[{"name":"wp","href":"https:\/\/api.w.org\/{rel}","templated":true}]}}